{"id":150,"date":"2022-10-12T14:42:49","date_gmt":"2022-10-12T14:42:49","guid":{"rendered":"https:\/\/coloreandoelmundo.com\/?page_id=150"},"modified":"2023-06-10T18:45:36","modified_gmt":"2023-06-10T18:45:36","slug":"servicios","status":"publish","type":"page","link":"https:\/\/coloreandoelmundo.com\/en\/servicios\/","title":{"rendered":"Services"},"content":{"rendered":"<div data-elementor-type=\"wp-page\" data-elementor-id=\"150\" class=\"elementor elementor-150\">\n\t\t\t\t\t\t<section class=\"elementor-section elementor-top-section elementor-element elementor-element-666bcfb1 elementor-section-full_width elementor-section-height-default elementor-section-height-default\" data-id=\"666bcfb1\" data-element_type=\"section\" data-settings=\"{&quot;background_background&quot;:&quot;classic&quot;,&quot;shape_divider_bottom&quot;:&quot;waves&quot;}\">\n\t\t\t\t\t\t\t<div class=\"elementor-background-overlay\"><\/div>\n\t\t\t\t\t\t<div class=\"elementor-shape elementor-shape-bottom\" data-negative=\"false\">\n\t\t\t<svg xmlns=\"http:\/\/www.w3.org\/2000\/svg\" viewbox=\"0 0 1000 100\" preserveaspectratio=\"none\">\n\t<path class=\"elementor-shape-fill\" d=\"M421.9,6.5c22.6-2.5,51.5,0.4,75.5,5.3c23.6,4.9,70.9,23.5,100.5,35.7c75.8,32.2,133.7,44.5,192.6,49.7\tc23.6,2.1,48.7,3.5,103.4-2.5c54.7-6,106.2-25.6,106.2-25.6V0H0v30.3c0,0,72,32.6,158.4,30.5c39.2-0.7,92.8-6.7,134-22.4\tc21.2-8.1,52.2-18.2,79.7-24.2C399.3,7.9,411.6,7.5,421.9,6.5z\"\/>\n<\/svg>\t\t<\/div>\n\t\t\t\t\t<div class=\"elementor-container elementor-column-gap-no\">\n\t\t\t\t\t<div class=\"elementor-column elementor-col-100 elementor-top-column elementor-element elementor-element-1604dda6\" data-id=\"1604dda6\" data-element_type=\"column\">\n\t\t\t<div class=\"elementor-widget-wrap elementor-element-populated\">\n\t\t\t\t\t\t\t<\/div>\n\t\t<\/div>\n\t\t\t\t\t<\/div>\n\t\t<\/section>\n\t\t\t\t<section class=\"elementor-section elementor-top-section elementor-element elementor-element-4d54463 elementor-section-boxed elementor-section-height-default elementor-section-height-default\" data-id=\"4d54463\" data-element_type=\"section\">\n\t\t\t\t\t\t<div class=\"elementor-container elementor-column-gap-wide\">\n\t\t\t\t\t<div class=\"elementor-column elementor-col-33 elementor-top-column elementor-element elementor-element-599e0a1\" data-id=\"599e0a1\" data-element_type=\"column\">\n\t\t\t<div class=\"elementor-widget-wrap elementor-element-populated\">\n\t\t\t\t\t\t<div class=\"elementor-element elementor-element-b134c58 elementor-view-default elementor-widget elementor-widget-icon\" data-id=\"b134c58\" data-element_type=\"widget\" data-widget_type=\"icon.default\">\n\t\t\t\t<div class=\"elementor-widget-container\">\n\t\t\t\t\t\t\t<div class=\"elementor-icon-wrapper\">\n\t\t\t<div class=\"elementor-icon\">\n\t\t\t<i aria-hidden=\"true\" class=\"fas fa-birthday-cake\"><\/i>\t\t\t<\/div>\n\t\t<\/div>\n\t\t\t\t\t\t<\/div>\n\t\t\t\t<\/div>\n\t\t\t\t<div class=\"elementor-element elementor-element-ab1f05e elementor-widget elementor-widget-heading\" data-id=\"ab1f05e\" data-element_type=\"widget\" data-widget_type=\"heading.default\">\n\t\t\t\t<div class=\"elementor-widget-container\">\n\t\t\t\t\t<h3 class=\"elementor-heading-title elementor-size-default\">Animaci\u00f3n de fiestas <\/h3>\t\t\t\t<\/div>\n\t\t\t\t<\/div>\n\t\t\t\t<div class=\"elementor-element elementor-element-1cb670f elementor-widget elementor-widget-text-editor\" data-id=\"1cb670f\" data-element_type=\"widget\" data-widget_type=\"text-editor.default\">\n\t\t\t\t<div class=\"elementor-widget-container\">\n\t\t\t\t\t\t\t\t\t<p>\u00bfQuieren organizar una fiesta privada y les gustar\u00eda divertir a peque\u00f1os y grandes?\u00a0<span style=\"color: var( --e-global-color-af71b2d );\">Les podemos ofrecer varias horas de diversi\u00f3n donde toda la familia quedara encantada.<\/span><\/p><p>Desde globloflexia, pintada de caras, juegos, cuenta cuentos y animaci\u00f3n de las pi\u00f1atas, los payasos Ivorin y Arco-Iris motivar\u00e1n a todos a participar.<\/p><p>\u00a1A divertirnos!<\/p>\t\t\t\t\t\t\t\t<\/div>\n\t\t\t\t<\/div>\n\t\t\t\t<div class=\"elementor-element elementor-element-cbe2f5a elementor-align-center elementor-widget elementor-widget-button\" data-id=\"cbe2f5a\" data-element_type=\"widget\" data-widget_type=\"button.default\">\n\t\t\t\t<div class=\"elementor-widget-container\">\n\t\t\t\t\t\t\t\t\t<div class=\"elementor-button-wrapper\">\n\t\t\t\t\t<a class=\"elementor-button elementor-button-link elementor-size-sm\" href=\"https:\/\/coloreandoelmundo.com\/en\/contacto\/\">\n\t\t\t\t\t\t<span class=\"elementor-button-content-wrapper\">\n\t\t\t\t\t\t\t\t\t<span class=\"elementor-button-text\">Cont<span lang=\"ES-MX\" style=\"font-size:11.0pt;line-height:107%;font-family:&quot;Lucida Sans&quot;,sans-serif;mso-fareast-font-family:Calibri;mso-fareast-theme-font:minor-latin;mso-bidi-font-family:&quot;Times New Roman&quot;;mso-bidi-theme-font:minor-bidi;mso-ansi-language:ES-MX;mso-fareast-language:EN-US;mso-bidi-language:AR-SA\">\u00e1<\/span>ctanos para costo y horario<\/span>\n\t\t\t\t\t<\/span>\n\t\t\t\t\t<\/a>\n\t\t\t\t<\/div>\n\t\t\t\t\t\t\t\t<\/div>\n\t\t\t\t<\/div>\n\t\t\t\t\t<\/div>\n\t\t<\/div>\n\t\t\t\t<div class=\"elementor-column elementor-col-33 elementor-top-column elementor-element elementor-element-8bc1185\" data-id=\"8bc1185\" data-element_type=\"column\">\n\t\t\t<div class=\"elementor-widget-wrap elementor-element-populated\">\n\t\t\t\t\t\t<div class=\"elementor-element elementor-element-50b564d elementor-view-default elementor-widget elementor-widget-icon\" data-id=\"50b564d\" data-element_type=\"widget\" data-widget_type=\"icon.default\">\n\t\t\t\t<div class=\"elementor-widget-container\">\n\t\t\t\t\t\t\t<div class=\"elementor-icon-wrapper\">\n\t\t\t<div class=\"elementor-icon\">\n\t\t\t<i aria-hidden=\"true\" class=\"far fa-handshake\"><\/i>\t\t\t<\/div>\n\t\t<\/div>\n\t\t\t\t\t\t<\/div>\n\t\t\t\t<\/div>\n\t\t\t\t<div class=\"elementor-element elementor-element-eb0b561 elementor-widget elementor-widget-heading\" data-id=\"eb0b561\" data-element_type=\"widget\" data-widget_type=\"heading.default\">\n\t\t\t\t<div class=\"elementor-widget-container\">\n\t\t\t\t\t<h3 class=\"elementor-heading-title elementor-size-default\">Patrocinio de eventos <\/h3>\t\t\t\t<\/div>\n\t\t\t\t<\/div>\n\t\t\t\t<div class=\"elementor-element elementor-element-dd822b5 elementor-widget elementor-widget-text-editor\" data-id=\"dd822b5\" data-element_type=\"widget\" data-widget_type=\"text-editor.default\">\n\t\t\t\t<div class=\"elementor-widget-container\">\n\t\t\t\t\t\t\t\t\t<p>\u00bfEst\u00e1n planeando un evento en su comunidad, desde una visita a una casa de retiro, escuela, hospital, centro juvenil o una asociaci\u00f3n para ni\u00f1os con capacidades diferentes ?<\/p><p>Consideren patrocinar nuestra participaci\u00f3n para incentivar y alegrar a todo su p\u00fablico con actividades de interacci\u00f3n resaltando valores \u00e9ticos.<\/p><p>\u00a1La risa es la mermelada de la vida!<\/p>\t\t\t\t\t\t\t\t<\/div>\n\t\t\t\t<\/div>\n\t\t\t\t<div class=\"elementor-element elementor-element-a885572 elementor-align-center elementor-widget elementor-widget-button\" data-id=\"a885572\" data-element_type=\"widget\" data-widget_type=\"button.default\">\n\t\t\t\t<div class=\"elementor-widget-container\">\n\t\t\t\t\t\t\t\t\t<div class=\"elementor-button-wrapper\">\n\t\t\t\t\t<a class=\"elementor-button elementor-button-link elementor-size-sm\" href=\"https:\/\/coloreandoelmundo.com\/en\/contacto\/\">\n\t\t\t\t\t\t<span class=\"elementor-button-content-wrapper\">\n\t\t\t\t\t\t\t\t\t<span class=\"elementor-button-text\">Cont\u00e1ctanos para agendar<\/span>\n\t\t\t\t\t<\/span>\n\t\t\t\t\t<\/a>\n\t\t\t\t<\/div>\n\t\t\t\t\t\t\t\t<\/div>\n\t\t\t\t<\/div>\n\t\t\t\t\t<\/div>\n\t\t<\/div>\n\t\t\t\t<div class=\"elementor-column elementor-col-33 elementor-top-column elementor-element elementor-element-a7d2962\" data-id=\"a7d2962\" data-element_type=\"column\">\n\t\t\t<div class=\"elementor-widget-wrap elementor-element-populated\">\n\t\t\t\t\t\t<div class=\"elementor-element elementor-element-096fc95 elementor-view-default elementor-widget elementor-widget-icon\" data-id=\"096fc95\" data-element_type=\"widget\" data-widget_type=\"icon.default\">\n\t\t\t\t<div class=\"elementor-widget-container\">\n\t\t\t\t\t\t\t<div class=\"elementor-icon-wrapper\">\n\t\t\t<div class=\"elementor-icon\">\n\t\t\t<i aria-hidden=\"true\" class=\"far fa-address-book\"><\/i>\t\t\t<\/div>\n\t\t<\/div>\n\t\t\t\t\t\t<\/div>\n\t\t\t\t<\/div>\n\t\t\t\t<div class=\"elementor-element elementor-element-18a14e1 elementor-widget elementor-widget-heading\" data-id=\"18a14e1\" data-element_type=\"widget\" data-widget_type=\"heading.default\">\n\t\t\t\t<div class=\"elementor-widget-container\">\n\t\t\t\t\t<h3 class=\"elementor-heading-title elementor-size-default\">Distribuci\u00f3n<\/h3>\t\t\t\t<\/div>\n\t\t\t\t<\/div>\n\t\t\t\t<div class=\"elementor-element elementor-element-e68874e elementor-widget elementor-widget-text-editor\" data-id=\"e68874e\" data-element_type=\"widget\" data-widget_type=\"text-editor.default\">\n\t\t\t\t<div class=\"elementor-widget-container\">\n\t\t\t\t\t\t\t\t\t<p>Con el fin de reforzar valores y actitudes que contribuyen al desarrollo y la formaci\u00f3n de los ni\u00f1os, tenemos una gama de productos educativos y devocionales para las varias etapas del crecimiento de sus hijos.<\/p><p>Por nuestro p\u00fablico adulto, tenemos de libros y calendarios para motivarlos.<\/p><p>Escogen de nuestro gran surtido para un patrocinio.<\/p>\t\t\t\t\t\t\t\t<\/div>\n\t\t\t\t<\/div>\n\t\t\t\t<div class=\"elementor-element elementor-element-1466949 elementor-align-center elementor-widget elementor-widget-button\" data-id=\"1466949\" data-element_type=\"widget\" data-widget_type=\"button.default\">\n\t\t\t\t<div class=\"elementor-widget-container\">\n\t\t\t\t\t\t\t\t\t<div class=\"elementor-button-wrapper\">\n\t\t\t\t\t<a class=\"elementor-button elementor-button-link elementor-size-sm\" href=\"https:\/\/coloreandoelmundo.com\/en\/contacto\/\">\n\t\t\t\t\t\t<span class=\"elementor-button-content-wrapper\">\n\t\t\t\t\t\t\t\t\t<span class=\"elementor-button-text\">Cont\u00e1ctanos para adquirirlos<\/span>\n\t\t\t\t\t<\/span>\n\t\t\t\t\t<\/a>\n\t\t\t\t<\/div>\n\t\t\t\t\t\t\t\t<\/div>\n\t\t\t\t<\/div>\n\t\t\t\t\t<\/div>\n\t\t<\/div>\n\t\t\t\t\t<\/div>\n\t\t<\/section>\n\t\t\t\t<section class=\"elementor-section elementor-top-section elementor-element elementor-element-bd9ba88 elementor-section-boxed elementor-section-height-default elementor-section-height-default\" data-id=\"bd9ba88\" data-element_type=\"section\">\n\t\t\t\t\t\t<div class=\"elementor-container elementor-column-gap-default\">\n\t\t\t\t\t<div class=\"elementor-column elementor-col-100 elementor-top-column elementor-element elementor-element-b8cb37e\" data-id=\"b8cb37e\" data-element_type=\"column\">\n\t\t\t<div class=\"elementor-widget-wrap elementor-element-populated\">\n\t\t\t\t\t\t<div class=\"elementor-element elementor-element-214bcd0 elementor-widget elementor-widget-spacer\" data-id=\"214bcd0\" data-element_type=\"widget\" data-widget_type=\"spacer.default\">\n\t\t\t\t<div class=\"elementor-widget-container\">\n\t\t\t\t\t\t\t<div class=\"elementor-spacer\">\n\t\t\t<div class=\"elementor-spacer-inner\"><\/div>\n\t\t<\/div>\n\t\t\t\t\t\t<\/div>\n\t\t\t\t<\/div>\n\t\t\t\t\t<\/div>\n\t\t<\/div>\n\t\t\t\t\t<\/div>\n\t\t<\/section>\n\t\t\t\t<section class=\"elementor-section elementor-top-section elementor-element elementor-element-dcfc6ba elementor-section-boxed elementor-section-height-default elementor-section-height-default\" data-id=\"dcfc6ba\" data-element_type=\"section\" data-settings=\"{&quot;background_background&quot;:&quot;classic&quot;}\">\n\t\t\t\t\t\t<div class=\"elementor-container elementor-column-gap-default\">\n\t\t\t\t\t<div class=\"elementor-column elementor-col-100 elementor-top-column elementor-element elementor-element-ef16449\" data-id=\"ef16449\" data-element_type=\"column\" data-settings=\"{&quot;background_background&quot;:&quot;classic&quot;}\">\n\t\t\t<div class=\"elementor-widget-wrap elementor-element-populated\">\n\t\t\t\t\t\t<div class=\"elementor-element elementor-element-56f0348 elementor-widget elementor-widget-heading\" data-id=\"56f0348\" data-element_type=\"widget\" data-widget_type=\"heading.default\">\n\t\t\t\t<div class=\"elementor-widget-container\">\n\t\t\t\t\t<h2 class=\"elementor-heading-title elementor-size-default\">Las Tecnicas que nos unen<\/h2>\t\t\t\t<\/div>\n\t\t\t\t<\/div>\n\t\t\t\t\t<\/div>\n\t\t<\/div>\n\t\t\t\t\t<\/div>\n\t\t<\/section>\n\t\t\t\t<section class=\"elementor-section elementor-top-section elementor-element elementor-element-7c34d4c elementor-section-boxed elementor-section-height-default elementor-section-height-default\" data-id=\"7c34d4c\" data-element_type=\"section\">\n\t\t\t\t\t\t<div class=\"elementor-container elementor-column-gap-default\">\n\t\t\t\t\t<div class=\"elementor-column elementor-col-100 elementor-top-column elementor-element elementor-element-2ff7518\" data-id=\"2ff7518\" data-element_type=\"column\">\n\t\t\t<div class=\"elementor-widget-wrap elementor-element-populated\">\n\t\t\t\t\t\t<div class=\"elementor-element elementor-element-44da282 elementor-widget elementor-widget-spacer\" data-id=\"44da282\" data-element_type=\"widget\" data-widget_type=\"spacer.default\">\n\t\t\t\t<div class=\"elementor-widget-container\">\n\t\t\t\t\t\t\t<div class=\"elementor-spacer\">\n\t\t\t<div class=\"elementor-spacer-inner\"><\/div>\n\t\t<\/div>\n\t\t\t\t\t\t<\/div>\n\t\t\t\t<\/div>\n\t\t\t\t\t<\/div>\n\t\t<\/div>\n\t\t\t\t\t<\/div>\n\t\t<\/section>\n\t\t\t\t<section class=\"elementor-section elementor-top-section elementor-element elementor-element-421e851 elementor-section-boxed elementor-section-height-default elementor-section-height-default\" data-id=\"421e851\" data-element_type=\"section\">\n\t\t\t\t\t\t<div class=\"elementor-container elementor-column-gap-default\">\n\t\t\t\t\t<div class=\"elementor-column elementor-col-33 elementor-top-column elementor-element elementor-element-4415bd2\" data-id=\"4415bd2\" data-element_type=\"column\">\n\t\t\t<div class=\"elementor-widget-wrap elementor-element-populated\">\n\t\t\t\t\t\t<div class=\"elementor-element elementor-element-5dab3ff elementor-widget elementor-widget-image\" data-id=\"5dab3ff\" data-element_type=\"widget\" data-widget_type=\"image.default\">\n\t\t\t\t<div class=\"elementor-widget-container\">\n\t\t\t\t\t\t\t\t\t\t\t\t\t\t\t<img fetchpriority=\"high\" decoding=\"async\" width=\"800\" height=\"800\" src=\"https:\/\/coloreandoelmundo.com\/wp-content\/uploads\/2023\/02\/Coloreando_Servicios_Ristoterapia01.jpg\" class=\"attachment-large size-large wp-image-598\" alt=\"\" srcset=\"https:\/\/coloreandoelmundo.com\/wp-content\/uploads\/2023\/02\/Coloreando_Servicios_Ristoterapia01.jpg 1024w, https:\/\/coloreandoelmundo.com\/wp-content\/uploads\/2023\/02\/Coloreando_Servicios_Ristoterapia01-300x300.jpg 300w, https:\/\/coloreandoelmundo.com\/wp-content\/uploads\/2023\/02\/Coloreando_Servicios_Ristoterapia01-150x150.jpg 150w, https:\/\/coloreandoelmundo.com\/wp-content\/uploads\/2023\/02\/Coloreando_Servicios_Ristoterapia01-768x768.jpg 768w, https:\/\/coloreandoelmundo.com\/wp-content\/uploads\/2023\/02\/Coloreando_Servicios_Ristoterapia01-12x12.jpg 12w\" sizes=\"(max-width: 800px) 100vw, 800px\" \/>\t\t\t\t\t\t\t\t\t\t\t\t\t\t\t<\/div>\n\t\t\t\t<\/div>\n\t\t\t\t\t<\/div>\n\t\t<\/div>\n\t\t\t\t<div class=\"elementor-column elementor-col-66 elementor-top-column elementor-element elementor-element-d5da73b\" data-id=\"d5da73b\" data-element_type=\"column\">\n\t\t\t<div class=\"elementor-widget-wrap elementor-element-populated\">\n\t\t\t\t\t\t<div class=\"elementor-element elementor-element-dbc94b3 elementor-widget elementor-widget-heading\" data-id=\"dbc94b3\" data-element_type=\"widget\" data-widget_type=\"heading.default\">\n\t\t\t\t<div class=\"elementor-widget-container\">\n\t\t\t\t\t<h3 class=\"elementor-heading-title elementor-size-default\">La Risoterapia<\/h3>\t\t\t\t<\/div>\n\t\t\t\t<\/div>\n\t\t\t\t<div class=\"elementor-element elementor-element-c45279e elementor-widget elementor-widget-text-editor\" data-id=\"c45279e\" data-element_type=\"widget\" data-widget_type=\"text-editor.default\">\n\t\t\t\t<div class=\"elementor-widget-container\">\n\t\t\t\t\t\t\t\t\t<p>Cuando uno se r\u00ede libera endorfinas, las hormonas que promueven una sensaci\u00f3n de bienestar y el nivel de las hormonas del estr\u00e9s, como el cortisol, epinefrina o adrenalina y dopamina es reducido.<\/p><p>La risa tambi\u00e9n estimula la circulaci\u00f3n sangu\u00ednea y ayuda a relajar los m\u00fasculos. Adem\u00e1s, ayuda a distraer la atenci\u00f3n de las emociones estresantes tales como la ira, la tristeza y el miedo, y nos permite ver las cosas en una otra perspectiva, por lo que las situaciones parecen menos abrumadoras. La risa desactiva la tensi\u00f3n entre la gente durante las discusiones o conflictos, a fin de formar un ambiente relajado.<\/p><p>El humor tambi\u00e9n puede cambiar la forma de ver la situaci\u00f3n, algo que parec\u00eda una amenaza, puede ser considerado como un desaf\u00edo ahora, en cambio, la situaci\u00f3n es mucho m\u00e1s f\u00e1cil de manejar y de manera positivo.<\/p>\t\t\t\t\t\t\t\t<\/div>\n\t\t\t\t<\/div>\n\t\t\t\t\t<\/div>\n\t\t<\/div>\n\t\t\t\t\t<\/div>\n\t\t<\/section>\n\t\t\t\t<section class=\"elementor-section elementor-top-section elementor-element elementor-element-f7b5f5a elementor-section-boxed elementor-section-height-default elementor-section-height-default\" data-id=\"f7b5f5a\" data-element_type=\"section\">\n\t\t\t\t\t\t<div class=\"elementor-container elementor-column-gap-default\">\n\t\t\t\t\t<div class=\"elementor-column elementor-col-66 elementor-top-column elementor-element elementor-element-10ad5d5\" data-id=\"10ad5d5\" data-element_type=\"column\">\n\t\t\t<div class=\"elementor-widget-wrap elementor-element-populated\">\n\t\t\t\t\t\t<div class=\"elementor-element elementor-element-6e855be elementor-widget elementor-widget-heading\" data-id=\"6e855be\" data-element_type=\"widget\" data-widget_type=\"heading.default\">\n\t\t\t\t<div class=\"elementor-widget-container\">\n\t\t\t\t\t<h3 class=\"elementor-heading-title elementor-size-default\">La Formaci\u00f3n<\/h3>\t\t\t\t<\/div>\n\t\t\t\t<\/div>\n\t\t\t\t<div class=\"elementor-element elementor-element-8e386d4 elementor-widget elementor-widget-text-editor\" data-id=\"8e386d4\" data-element_type=\"widget\" data-widget_type=\"text-editor.default\">\n\t\t\t\t<div class=\"elementor-widget-container\">\n\t\t\t\t\t\t\t\t\t<p>Educaci\u00f3n y formaci\u00f3n son conceptos complementarios, pero con una esencia distinta.<\/p><p>La educaci\u00f3n se refiere principalmente a la transmisi\u00f3n de conocimientos, mientras que la formaci\u00f3n es un proceso m\u00e1s amplio que abarca todos los \u00e1mbitos de la vida.<\/p><p>La educaci\u00f3n es una actividad planeada para que tu hijo se apropie de saberes y, a partir de ello, desarrolle su inteligencia, su creatividad y sus talentos .Se puede educar en matem\u00e1ticas, historia, buenos modales, religi\u00f3n y en cualquier otra tem\u00e1tica.<\/p><p>La formaci\u00f3n es un proceso m\u00e1s amplio y profundo que la educaci\u00f3n, puesto que adem\u00e1s de transmitir conocimientos, fomenta ideales, valores y creencias que ayudan a moldear la identidad de tu hijo. La formaci\u00f3n tiene el objetivo de influir en los aspectos m\u00e1s personales de tu hijo.<\/p><p>Por ese motivo nos dedicamos tambi\u00e9n a la formaci\u00f3n, para que sus hijos alcanzan su pleno potencial.<\/p>\t\t\t\t\t\t\t\t<\/div>\n\t\t\t\t<\/div>\n\t\t\t\t\t<\/div>\n\t\t<\/div>\n\t\t\t\t<div class=\"elementor-column elementor-col-33 elementor-top-column elementor-element elementor-element-137fb0b\" data-id=\"137fb0b\" data-element_type=\"column\">\n\t\t\t<div class=\"elementor-widget-wrap elementor-element-populated\">\n\t\t\t\t\t\t<div class=\"elementor-element elementor-element-49b346e elementor-widget elementor-widget-image\" data-id=\"49b346e\" data-element_type=\"widget\" data-widget_type=\"image.default\">\n\t\t\t\t<div class=\"elementor-widget-container\">\n\t\t\t\t\t\t\t\t\t\t\t\t\t\t\t<img decoding=\"async\" width=\"800\" height=\"800\" src=\"https:\/\/coloreandoelmundo.com\/wp-content\/uploads\/2023\/01\/Coloreando_Servicios_Formacion.jpg\" class=\"attachment-large size-large wp-image-555\" alt=\"\" srcset=\"https:\/\/coloreandoelmundo.com\/wp-content\/uploads\/2023\/01\/Coloreando_Servicios_Formacion.jpg 1024w, https:\/\/coloreandoelmundo.com\/wp-content\/uploads\/2023\/01\/Coloreando_Servicios_Formacion-300x300.jpg 300w, https:\/\/coloreandoelmundo.com\/wp-content\/uploads\/2023\/01\/Coloreando_Servicios_Formacion-150x150.jpg 150w, https:\/\/coloreandoelmundo.com\/wp-content\/uploads\/2023\/01\/Coloreando_Servicios_Formacion-768x768.jpg 768w, https:\/\/coloreandoelmundo.com\/wp-content\/uploads\/2023\/01\/Coloreando_Servicios_Formacion-12x12.jpg 12w\" sizes=\"(max-width: 800px) 100vw, 800px\" \/>\t\t\t\t\t\t\t\t\t\t\t\t\t\t\t<\/div>\n\t\t\t\t<\/div>\n\t\t\t\t\t<\/div>\n\t\t<\/div>\n\t\t\t\t\t<\/div>\n\t\t<\/section>\n\t\t\t\t<section class=\"elementor-section elementor-top-section elementor-element elementor-element-530a17a elementor-section-boxed elementor-section-height-default elementor-section-height-default\" data-id=\"530a17a\" data-element_type=\"section\">\n\t\t\t\t\t\t<div class=\"elementor-container elementor-column-gap-default\">\n\t\t\t\t\t<div class=\"elementor-column elementor-col-33 elementor-top-column elementor-element elementor-element-3ca222c\" data-id=\"3ca222c\" data-element_type=\"column\">\n\t\t\t<div class=\"elementor-widget-wrap elementor-element-populated\">\n\t\t\t\t\t\t<div class=\"elementor-element elementor-element-6f94255 elementor-widget elementor-widget-image\" data-id=\"6f94255\" data-element_type=\"widget\" data-widget_type=\"image.default\">\n\t\t\t\t<div class=\"elementor-widget-container\">\n\t\t\t\t\t\t\t\t\t\t\t\t\t\t\t<img decoding=\"async\" width=\"800\" height=\"800\" src=\"https:\/\/coloreandoelmundo.com\/wp-content\/uploads\/2023\/01\/Coloreando_Servicios_Acompanamiento.jpg\" class=\"attachment-large size-large wp-image-556\" alt=\"\" srcset=\"https:\/\/coloreandoelmundo.com\/wp-content\/uploads\/2023\/01\/Coloreando_Servicios_Acompanamiento.jpg 1024w, https:\/\/coloreandoelmundo.com\/wp-content\/uploads\/2023\/01\/Coloreando_Servicios_Acompanamiento-300x300.jpg 300w, https:\/\/coloreandoelmundo.com\/wp-content\/uploads\/2023\/01\/Coloreando_Servicios_Acompanamiento-150x150.jpg 150w, https:\/\/coloreandoelmundo.com\/wp-content\/uploads\/2023\/01\/Coloreando_Servicios_Acompanamiento-768x768.jpg 768w, https:\/\/coloreandoelmundo.com\/wp-content\/uploads\/2023\/01\/Coloreando_Servicios_Acompanamiento-12x12.jpg 12w\" sizes=\"(max-width: 800px) 100vw, 800px\" \/>\t\t\t\t\t\t\t\t\t\t\t\t\t\t\t<\/div>\n\t\t\t\t<\/div>\n\t\t\t\t\t<\/div>\n\t\t<\/div>\n\t\t\t\t<div class=\"elementor-column elementor-col-66 elementor-top-column elementor-element elementor-element-28b558b\" data-id=\"28b558b\" data-element_type=\"column\">\n\t\t\t<div class=\"elementor-widget-wrap elementor-element-populated\">\n\t\t\t\t\t\t<div class=\"elementor-element elementor-element-58d1694 elementor-widget elementor-widget-heading\" data-id=\"58d1694\" data-element_type=\"widget\" data-widget_type=\"heading.default\">\n\t\t\t\t<div class=\"elementor-widget-container\">\n\t\t\t\t\t<h3 class=\"elementor-heading-title elementor-size-default\">Acompa\u00f1amiento<\/h3>\t\t\t\t<\/div>\n\t\t\t\t<\/div>\n\t\t\t\t<div class=\"elementor-element elementor-element-09c2843 elementor-widget elementor-widget-text-editor\" data-id=\"09c2843\" data-element_type=\"widget\" data-widget_type=\"text-editor.default\">\n\t\t\t\t<div class=\"elementor-widget-container\">\n\t\t\t\t\t\t\t\t\t<p>Sabemos que las crisis son parte de la experiencia humana, son estados temporales de trastorno, desorientaci\u00f3n y desorganizaci\u00f3n.<\/p><p>Algunos ejemplos de situaciones cr\u00edticas que pueden generar crisis son: un serio accidente, perdida inesperada de un ser querido, divorcio, enfermedad grave, embarazo no deseado, p\u00e9rdida de empleo o de bienes, desastre natural, un incendio, ser v\u00edctima de un asalto y varios m\u00e1s.<\/p><p>Es durante estas situaciones de desestabilizaci\u00f3n seria y aun de desequilibrio emocional y espiritual en la persona y en la familia que viene bien tener un acompa\u00f1ante. Podemos ofrecer apoyo mediante el consuelo, la orientaci\u00f3n, la instrucci\u00f3n y la oraci\u00f3n.<\/p><p>Muchas veces compartir su situaci\u00f3n y emociones alivia el estado de frustraci\u00f3n en lo cual uno se encuentra y tener alguien que escucha nos da esperanza.<\/p>\t\t\t\t\t\t\t\t<\/div>\n\t\t\t\t<\/div>\n\t\t\t\t\t<\/div>\n\t\t<\/div>\n\t\t\t\t\t<\/div>\n\t\t<\/section>\n\t\t\t\t<\/div>","protected":false},"excerpt":{"rendered":"<p>Animaci\u00f3n de fiestas \u00bfQuieren organizar una fiesta privada y les gustar\u00eda divertir a peque\u00f1os y grandes?\u00a0Les podemos ofrecer varias horas de diversi\u00f3n donde toda la familia quedara encantada. Desde globloflexia, pintada de caras, juegos, cuenta cuentos y animaci\u00f3n de las pi\u00f1atas, los payasos Ivorin y Arco-Iris motivar\u00e1n a todos a participar. \u00a1A divertirnos! Cont\u00e1ctanos para [&hellip;]<\/p>","protected":false},"author":15,"featured_media":0,"parent":0,"menu_order":0,"comment_status":"closed","ping_status":"closed","template":"elementor_header_footer","meta":{"footnotes":""},"class_list":["post-150","page","type-page","status-publish","hentry"],"_links":{"self":[{"href":"https:\/\/coloreandoelmundo.com\/en\/wp-json\/wp\/v2\/pages\/150","targetHints":{"allow":["GET"]}}],"collection":[{"href":"https:\/\/coloreandoelmundo.com\/en\/wp-json\/wp\/v2\/pages"}],"about":[{"href":"https:\/\/coloreandoelmundo.com\/en\/wp-json\/wp\/v2\/types\/page"}],"author":[{"embeddable":true,"href":"https:\/\/coloreandoelmundo.com\/en\/wp-json\/wp\/v2\/users\/15"}],"replies":[{"embeddable":true,"href":"https:\/\/coloreandoelmundo.com\/en\/wp-json\/wp\/v2\/comments?post=150"}],"version-history":[{"count":71,"href":"https:\/\/coloreandoelmundo.com\/en\/wp-json\/wp\/v2\/pages\/150\/revisions"}],"predecessor-version":[{"id":734,"href":"https:\/\/coloreandoelmundo.com\/en\/wp-json\/wp\/v2\/pages\/150\/revisions\/734"}],"wp:attachment":[{"href":"https:\/\/coloreandoelmundo.com\/en\/wp-json\/wp\/v2\/media?parent=150"}],"curies":[{"name":"wp","href":"https:\/\/api.w.org\/{rel}","templated":true}]}}