{"id":185,"date":"2022-10-12T15:06:50","date_gmt":"2022-10-12T15:06:50","guid":{"rendered":"https:\/\/coloreandoelmundo.com\/?page_id=185"},"modified":"2023-06-10T17:15:54","modified_gmt":"2023-06-10T17:15:54","slug":"mision","status":"publish","type":"page","link":"https:\/\/coloreandoelmundo.com\/en\/mision\/","title":{"rendered":"Mission"},"content":{"rendered":"<div data-elementor-type=\"wp-page\" data-elementor-id=\"185\" class=\"elementor elementor-185\">\n\t\t\t\t\t\t<section class=\"elementor-section elementor-top-section elementor-element elementor-element-3553dcfc elementor-section-boxed elementor-section-height-default elementor-section-height-default\" data-id=\"3553dcfc\" data-element_type=\"section\" data-settings=\"{&quot;background_background&quot;:&quot;classic&quot;,&quot;shape_divider_bottom&quot;:&quot;waves&quot;}\">\n\t\t\t\t\t\t\t<div class=\"elementor-background-overlay\"><\/div>\n\t\t\t\t\t\t<div class=\"elementor-shape elementor-shape-bottom\" data-negative=\"false\">\n\t\t\t<svg xmlns=\"http:\/\/www.w3.org\/2000\/svg\" viewbox=\"0 0 1000 100\" preserveaspectratio=\"none\">\n\t<path class=\"elementor-shape-fill\" d=\"M421.9,6.5c22.6-2.5,51.5,0.4,75.5,5.3c23.6,4.9,70.9,23.5,100.5,35.7c75.8,32.2,133.7,44.5,192.6,49.7\tc23.6,2.1,48.7,3.5,103.4-2.5c54.7-6,106.2-25.6,106.2-25.6V0H0v30.3c0,0,72,32.6,158.4,30.5c39.2-0.7,92.8-6.7,134-22.4\tc21.2-8.1,52.2-18.2,79.7-24.2C399.3,7.9,411.6,7.5,421.9,6.5z\"\/>\n<\/svg>\t\t<\/div>\n\t\t\t\t\t<div class=\"elementor-container elementor-column-gap-no\">\n\t\t\t\t\t<div class=\"elementor-column elementor-col-100 elementor-top-column elementor-element elementor-element-288fde0b\" data-id=\"288fde0b\" data-element_type=\"column\">\n\t\t\t<div class=\"elementor-widget-wrap elementor-element-populated\">\n\t\t\t\t\t\t\t<\/div>\n\t\t<\/div>\n\t\t\t\t\t<\/div>\n\t\t<\/section>\n\t\t\t\t<section class=\"elementor-section elementor-top-section elementor-element elementor-element-756e37dc elementor-section-boxed elementor-section-height-default elementor-section-height-default\" data-id=\"756e37dc\" data-element_type=\"section\">\n\t\t\t\t\t\t<div class=\"elementor-container elementor-column-gap-no\">\n\t\t\t\t\t<div class=\"elementor-column elementor-col-50 elementor-top-column elementor-element elementor-element-373f7b00\" data-id=\"373f7b00\" data-element_type=\"column\">\n\t\t\t<div class=\"elementor-widget-wrap elementor-element-populated\">\n\t\t\t\t\t\t<div class=\"elementor-element elementor-element-7dfd8603 elementor-widget elementor-widget-image\" data-id=\"7dfd8603\" data-element_type=\"widget\" data-widget_type=\"image.default\">\n\t\t\t\t<div class=\"elementor-widget-container\">\n\t\t\t\t\t\t\t\t\t\t\t\t\t\t\t<img fetchpriority=\"high\" decoding=\"async\" width=\"815\" height=\"815\" src=\"https:\/\/coloreandoelmundo.com\/wp-content\/uploads\/2023\/02\/Mission_IvMarie_815x815.jpg\" class=\"attachment-full size-full wp-image-562\" alt=\"\" srcset=\"https:\/\/coloreandoelmundo.com\/wp-content\/uploads\/2023\/02\/Mission_IvMarie_815x815.jpg 815w, https:\/\/coloreandoelmundo.com\/wp-content\/uploads\/2023\/02\/Mission_IvMarie_815x815-300x300.jpg 300w, https:\/\/coloreandoelmundo.com\/wp-content\/uploads\/2023\/02\/Mission_IvMarie_815x815-150x150.jpg 150w, https:\/\/coloreandoelmundo.com\/wp-content\/uploads\/2023\/02\/Mission_IvMarie_815x815-768x768.jpg 768w, https:\/\/coloreandoelmundo.com\/wp-content\/uploads\/2023\/02\/Mission_IvMarie_815x815-12x12.jpg 12w\" sizes=\"(max-width: 815px) 100vw, 815px\" \/>\t\t\t\t\t\t\t\t\t\t\t\t\t\t\t<\/div>\n\t\t\t\t<\/div>\n\t\t\t\t\t<\/div>\n\t\t<\/div>\n\t\t\t\t<div class=\"elementor-column elementor-col-50 elementor-top-column elementor-element elementor-element-12f21a87\" data-id=\"12f21a87\" data-element_type=\"column\">\n\t\t\t<div class=\"elementor-widget-wrap elementor-element-populated\">\n\t\t\t\t\t\t<div class=\"elementor-element elementor-element-4705983 elementor-widget elementor-widget-text-editor\" data-id=\"4705983\" data-element_type=\"widget\" data-widget_type=\"text-editor.default\">\n\t\t\t\t<div class=\"elementor-widget-container\">\n\t\t\t\t\t\t\t\t\t<p>About Us<\/p>\t\t\t\t\t\t\t\t<\/div>\n\t\t\t\t<\/div>\n\t\t\t\t<div class=\"elementor-element elementor-element-60a6be6c elementor-invisible elementor-widget elementor-widget-heading\" data-id=\"60a6be6c\" data-element_type=\"widget\" data-settings=\"{&quot;_animation&quot;:&quot;fadeInLeft&quot;,&quot;_animation_delay&quot;:&quot;600&quot;}\" data-widget_type=\"heading.default\">\n\t\t\t\t<div class=\"elementor-widget-container\">\n\t\t\t\t\t<h2 class=\"elementor-heading-title elementor-size-default\">Values with lots of entertainment<\/h2>\t\t\t\t<\/div>\n\t\t\t\t<\/div>\n\t\t\t\t<div class=\"elementor-element elementor-element-6b08874f elementor-widget elementor-widget-text-editor\" data-id=\"6b08874f\" data-element_type=\"widget\" data-widget_type=\"text-editor.default\">\n\t\t\t\t<div class=\"elementor-widget-container\">\n\t\t\t\t\t\t\t\t\t<p>Hi, we are Ivo and Marie. We want to welcome you to our site and take this opportunity to introduce ourselves.<\/p><p>Ivo es de nacionalidad chilena y Marie es canadiense francesa. Despu\u00e9s de haber vivido en Grecia y Medio oriente, Marie presto servicio como voluntaria en India. Luego Marie e Ivo se conocieron en Quito, Ecuador donde llevaron a cabo una labor de apoyo que extendieron a Chile durante varios a\u00f1os. Despu\u00e9s viajaron a M\u00e9xico, donde fomentan la formaci\u00f3n de valores a nivel personal, familiar e institucional desde hace m\u00e1s de 25 a\u00f1os.<\/p>\t\t\t\t\t\t\t\t<\/div>\n\t\t\t\t<\/div>\n\t\t\t\t\t<\/div>\n\t\t<\/div>\n\t\t\t\t\t<\/div>\n\t\t<\/section>\n\t\t\t\t<section class=\"elementor-section elementor-top-section elementor-element elementor-element-49655c01 elementor-section-boxed elementor-section-height-default elementor-section-height-default\" data-id=\"49655c01\" data-element_type=\"section\">\n\t\t\t\t\t\t<div class=\"elementor-container elementor-column-gap-no\">\n\t\t\t\t\t<div class=\"elementor-column elementor-col-50 elementor-top-column elementor-element elementor-element-6ee9561d\" data-id=\"6ee9561d\" data-element_type=\"column\">\n\t\t\t<div class=\"elementor-widget-wrap elementor-element-populated\">\n\t\t\t\t\t\t<div class=\"elementor-element elementor-element-2f23c48f elementor-widget elementor-widget-text-editor\" data-id=\"2f23c48f\" data-element_type=\"widget\" data-widget_type=\"text-editor.default\">\n\t\t\t\t<div class=\"elementor-widget-container\">\n\t\t\t\t\t\t\t\t\t<p>Our mission<\/p>\t\t\t\t\t\t\t\t<\/div>\n\t\t\t\t<\/div>\n\t\t\t\t<div class=\"elementor-element elementor-element-ba8519f elementor-invisible elementor-widget elementor-widget-heading\" data-id=\"ba8519f\" data-element_type=\"widget\" data-settings=\"{&quot;_animation_delay&quot;:&quot;600&quot;,&quot;_animation&quot;:&quot;fadeInLeft&quot;}\" data-widget_type=\"heading.default\">\n\t\t\t\t<div class=\"elementor-widget-container\">\n\t\t\t\t\t<h2 class=\"elementor-heading-title elementor-size-default\">\u201cCreemos que todos se merecen un o\u00eddo atento, una mano dispuesta y un coraz\u00f3n abierto.\"<\/h2>\t\t\t\t<\/div>\n\t\t\t\t<\/div>\n\t\t\t\t<div class=\"elementor-element elementor-element-5ca55fee elementor-widget elementor-widget-text-editor\" data-id=\"5ca55fee\" data-element_type=\"widget\" data-widget_type=\"text-editor.default\">\n\t\t\t\t<div class=\"elementor-widget-container\">\n\t\t\t\t\t\t\t\t\t<p>Una sonrisa crea puentes entre una gama de personas. Ay\u00fadanos a crear estos puentes.<\/p>\t\t\t\t\t\t\t\t<\/div>\n\t\t\t\t<\/div>\n\t\t\t\t\t<\/div>\n\t\t<\/div>\n\t\t\t\t<div class=\"elementor-column elementor-col-50 elementor-top-column elementor-element elementor-element-30d5126b\" data-id=\"30d5126b\" data-element_type=\"column\">\n\t\t\t<div class=\"elementor-widget-wrap elementor-element-populated\">\n\t\t\t\t\t\t<div class=\"elementor-element elementor-element-1c001cc4 elementor-widget elementor-widget-image-carousel\" data-id=\"1c001cc4\" data-element_type=\"widget\" data-settings=\"{&quot;slides_to_show&quot;:&quot;1&quot;,&quot;navigation&quot;:&quot;none&quot;,&quot;autoplay&quot;:&quot;yes&quot;,&quot;pause_on_hover&quot;:&quot;yes&quot;,&quot;pause_on_interaction&quot;:&quot;yes&quot;,&quot;autoplay_speed&quot;:5000,&quot;infinite&quot;:&quot;yes&quot;,&quot;effect&quot;:&quot;slide&quot;,&quot;speed&quot;:500}\" data-widget_type=\"image-carousel.default\">\n\t\t\t\t<div class=\"elementor-widget-container\">\n\t\t\t\t\t\t\t<div class=\"elementor-image-carousel-wrapper swiper\" role=\"region\" aria-roledescription=\"carousel\" aria-label=\"Image Carousel\" dir=\"ltr\">\n\t\t\t<div class=\"elementor-image-carousel swiper-wrapper\" aria-live=\"off\">\n\t\t\t\t\t\t\t\t<div class=\"swiper-slide\" role=\"group\" aria-roledescription=\"slide\" aria-label=\"1 of 3\"><figure class=\"swiper-slide-inner\"><img decoding=\"async\" class=\"swiper-slide-image\" src=\"https:\/\/coloreandoelmundo.com\/wp-content\/uploads\/2023\/02\/Mission_ImgSlider01.jpg\" alt=\"Mission_ImgSlider01\" \/><\/figure><\/div><div class=\"swiper-slide\" role=\"group\" aria-roledescription=\"slide\" aria-label=\"2 of 3\"><figure class=\"swiper-slide-inner\"><img decoding=\"async\" class=\"swiper-slide-image\" src=\"https:\/\/coloreandoelmundo.com\/wp-content\/uploads\/2023\/02\/Mission_ImgSlider02.jpg\" alt=\"Mission_ImgSlider02\" \/><\/figure><\/div><div class=\"swiper-slide\" role=\"group\" aria-roledescription=\"slide\" aria-label=\"3 of 3\"><figure class=\"swiper-slide-inner\"><img decoding=\"async\" class=\"swiper-slide-image\" src=\"https:\/\/coloreandoelmundo.com\/wp-content\/uploads\/2023\/06\/Mission_ImgSlider03.jpg\" alt=\"Mission_ImgSlider03\" \/><\/figure><\/div>\t\t\t<\/div>\n\t\t\t\t\t\t\t\n\t\t\t\t\t\t\t\t\t<\/div>\n\t\t\t\t\t\t<\/div>\n\t\t\t\t<\/div>\n\t\t\t\t\t<\/div>\n\t\t<\/div>\n\t\t\t\t\t<\/div>\n\t\t<\/section>\n\t\t\t\t<\/div>","protected":false},"excerpt":{"rendered":"<p>Nosotros Valores con mucha diversi\u00f3n Hola, somos Ivo &amp; Marie. Les queremos dar la bienvenida a nuestro sitio y aprovechamos para presentarnos. Ivo es de nacionalidad chilena y Marie es canadiense francesa. Despu\u00e9s de haber vivido en Grecia y Medio oriente, Marie presto servicio como voluntaria en India. Luego Marie e Ivo se conocieron en [&hellip;]<\/p>","protected":false},"author":15,"featured_media":0,"parent":0,"menu_order":0,"comment_status":"closed","ping_status":"closed","template":"","meta":{"footnotes":""},"class_list":["post-185","page","type-page","status-publish","hentry"],"_links":{"self":[{"href":"https:\/\/coloreandoelmundo.com\/en\/wp-json\/wp\/v2\/pages\/185","targetHints":{"allow":["GET"]}}],"collection":[{"href":"https:\/\/coloreandoelmundo.com\/en\/wp-json\/wp\/v2\/pages"}],"about":[{"href":"https:\/\/coloreandoelmundo.com\/en\/wp-json\/wp\/v2\/types\/page"}],"author":[{"embeddable":true,"href":"https:\/\/coloreandoelmundo.com\/en\/wp-json\/wp\/v2\/users\/15"}],"replies":[{"embeddable":true,"href":"https:\/\/coloreandoelmundo.com\/en\/wp-json\/wp\/v2\/comments?post=185"}],"version-history":[{"count":46,"href":"https:\/\/coloreandoelmundo.com\/en\/wp-json\/wp\/v2\/pages\/185\/revisions"}],"predecessor-version":[{"id":691,"href":"https:\/\/coloreandoelmundo.com\/en\/wp-json\/wp\/v2\/pages\/185\/revisions\/691"}],"wp:attachment":[{"href":"https:\/\/coloreandoelmundo.com\/en\/wp-json\/wp\/v2\/media?parent=185"}],"curies":[{"name":"wp","href":"https:\/\/api.w.org\/{rel}","templated":true}]}}