{"id":190,"date":"2022-10-12T15:08:14","date_gmt":"2022-10-12T15:08:14","guid":{"rendered":"https:\/\/coloreandoelmundo.com\/?page_id=190"},"modified":"2023-06-10T18:52:18","modified_gmt":"2023-06-10T18:52:18","slug":"productos","status":"publish","type":"page","link":"https:\/\/coloreandoelmundo.com\/en\/productos\/","title":{"rendered":"Products"},"content":{"rendered":"<div data-elementor-type=\"wp-page\" data-elementor-id=\"190\" class=\"elementor elementor-190\">\n\t\t\t\t\t\t<section class=\"elementor-section elementor-top-section elementor-element elementor-element-6089a89b elementor-section-boxed elementor-section-height-default elementor-section-height-default\" data-id=\"6089a89b\" data-element_type=\"section\" data-settings=\"{&quot;background_background&quot;:&quot;classic&quot;,&quot;shape_divider_bottom&quot;:&quot;waves&quot;}\">\n\t\t\t\t\t\t\t<div class=\"elementor-background-overlay\"><\/div>\n\t\t\t\t\t\t<div class=\"elementor-shape elementor-shape-bottom\" data-negative=\"false\">\n\t\t\t<svg xmlns=\"http:\/\/www.w3.org\/2000\/svg\" viewbox=\"0 0 1000 100\" preserveaspectratio=\"none\">\n\t<path class=\"elementor-shape-fill\" d=\"M421.9,6.5c22.6-2.5,51.5,0.4,75.5,5.3c23.6,4.9,70.9,23.5,100.5,35.7c75.8,32.2,133.7,44.5,192.6,49.7\tc23.6,2.1,48.7,3.5,103.4-2.5c54.7-6,106.2-25.6,106.2-25.6V0H0v30.3c0,0,72,32.6,158.4,30.5c39.2-0.7,92.8-6.7,134-22.4\tc21.2-8.1,52.2-18.2,79.7-24.2C399.3,7.9,411.6,7.5,421.9,6.5z\"\/>\n<\/svg>\t\t<\/div>\n\t\t\t\t\t<div class=\"elementor-container elementor-column-gap-no\">\n\t\t\t\t\t<div class=\"elementor-column elementor-col-100 elementor-top-column elementor-element elementor-element-78169ae3\" data-id=\"78169ae3\" data-element_type=\"column\">\n\t\t\t<div class=\"elementor-widget-wrap elementor-element-populated\">\n\t\t\t\t\t\t\t<\/div>\n\t\t<\/div>\n\t\t\t\t\t<\/div>\n\t\t<\/section>\n\t\t\t\t<section class=\"elementor-section elementor-top-section elementor-element elementor-element-736506b0 elementor-section-boxed elementor-section-height-default elementor-section-height-default\" data-id=\"736506b0\" data-element_type=\"section\" data-settings=\"{&quot;background_background&quot;:&quot;classic&quot;}\">\n\t\t\t\t\t\t<div class=\"elementor-container elementor-column-gap-no\">\n\t\t\t\t\t<div class=\"elementor-column elementor-col-100 elementor-top-column elementor-element elementor-element-53b9f453\" data-id=\"53b9f453\" data-element_type=\"column\">\n\t\t\t<div class=\"elementor-widget-wrap elementor-element-populated\">\n\t\t\t\t\t\t<section class=\"elementor-section elementor-inner-section elementor-element elementor-element-429d5f4a elementor-section-content-middle elementor-section-boxed elementor-section-height-default elementor-section-height-default\" data-id=\"429d5f4a\" data-element_type=\"section\">\n\t\t\t\t\t\t<div class=\"elementor-container elementor-column-gap-no\">\n\t\t\t\t\t<div class=\"elementor-column elementor-col-100 elementor-inner-column elementor-element elementor-element-1163e279\" data-id=\"1163e279\" data-element_type=\"column\">\n\t\t\t<div class=\"elementor-widget-wrap elementor-element-populated\">\n\t\t\t\t\t\t<div class=\"elementor-element elementor-element-726b7542 elementor-invisible elementor-widget elementor-widget-heading\" data-id=\"726b7542\" data-element_type=\"widget\" data-settings=\"{&quot;_animation&quot;:&quot;fadeInLeft&quot;,&quot;_animation_delay&quot;:&quot;600&quot;}\" data-widget_type=\"heading.default\">\n\t\t\t\t<div class=\"elementor-widget-container\">\n\t\t\t\t\t<h2 class=\"elementor-heading-title elementor-size-default\">\u201cTeaching children to count is not as important as teaching them what counts.\u201d<\/h2>\t\t\t\t<\/div>\n\t\t\t\t<\/div>\n\t\t\t\t<div class=\"elementor-element elementor-element-13a34adb elementor-widget elementor-widget-text-editor\" data-id=\"13a34adb\" data-element_type=\"widget\" data-widget_type=\"text-editor.default\">\n\t\t\t\t<div class=\"elementor-widget-container\">\n\t\t\t\t\t\t\t\t\t<p>Our children products were created to make the transcendental job of parents and teachers easier, and will help your children in building a good character, develop basic skills as well as explore the world they live in, all while having fun.<\/p><p>For adults, we offer a variety of products of an inspiring and motivational nature. We specialize in presenting important spiritual concepts in a practical way, so that anyone can experience immediate improvement in their quality of life.<\/p>\t\t\t\t\t\t\t\t<\/div>\n\t\t\t\t<\/div>\n\t\t\t\t\t<\/div>\n\t\t<\/div>\n\t\t\t\t\t<\/div>\n\t\t<\/section>\n\t\t\t\t<section class=\"elementor-section elementor-inner-section elementor-element elementor-element-67e553f8 elementor-section-boxed elementor-section-height-default elementor-section-height-default\" data-id=\"67e553f8\" data-element_type=\"section\">\n\t\t\t\t\t\t<div class=\"elementor-container elementor-column-gap-no\">\n\t\t\t\t\t<div class=\"elementor-column elementor-col-33 elementor-inner-column elementor-element elementor-element-4929653e\" data-id=\"4929653e\" data-element_type=\"column\" data-settings=\"{&quot;background_background&quot;:&quot;classic&quot;}\">\n\t\t\t<div class=\"elementor-widget-wrap elementor-element-populated\">\n\t\t\t\t\t\t<div class=\"elementor-element elementor-element-3925e697 elementor-widget elementor-widget-image\" data-id=\"3925e697\" data-element_type=\"widget\" data-widget_type=\"image.default\">\n\t\t\t\t<div class=\"elementor-widget-container\">\n\t\t\t\t\t\t\t\t\t\t\t\t\t\t\t<img fetchpriority=\"high\" decoding=\"async\" width=\"1995\" height=\"1323\" src=\"https:\/\/coloreandoelmundo.com\/wp-content\/uploads\/2023\/03\/Productos_Libros01.jpg\" class=\"elementor-animation-float attachment-full size-full wp-image-654\" alt=\"\" srcset=\"https:\/\/coloreandoelmundo.com\/wp-content\/uploads\/2023\/03\/Productos_Libros01.jpg 1995w, https:\/\/coloreandoelmundo.com\/wp-content\/uploads\/2023\/03\/Productos_Libros01-300x199.jpg 300w, https:\/\/coloreandoelmundo.com\/wp-content\/uploads\/2023\/03\/Productos_Libros01-1024x679.jpg 1024w, https:\/\/coloreandoelmundo.com\/wp-content\/uploads\/2023\/03\/Productos_Libros01-768x509.jpg 768w, https:\/\/coloreandoelmundo.com\/wp-content\/uploads\/2023\/03\/Productos_Libros01-1536x1019.jpg 1536w, https:\/\/coloreandoelmundo.com\/wp-content\/uploads\/2023\/03\/Productos_Libros01-18x12.jpg 18w\" sizes=\"(max-width: 1995px) 100vw, 1995px\" \/>\t\t\t\t\t\t\t\t\t\t\t\t\t\t\t<\/div>\n\t\t\t\t<\/div>\n\t\t\t\t<div class=\"elementor-element elementor-element-5e308750 elementor-widget elementor-widget-heading\" data-id=\"5e308750\" data-element_type=\"widget\" data-widget_type=\"heading.default\">\n\t\t\t\t<div class=\"elementor-widget-container\">\n\t\t\t\t\t<h2 class=\"elementor-heading-title elementor-size-default\">LIBROS<\/h2>\t\t\t\t<\/div>\n\t\t\t\t<\/div>\n\t\t\t\t<div class=\"elementor-element elementor-element-e46c1cc elementor-widget elementor-widget-text-editor\" data-id=\"e46c1cc\" data-element_type=\"widget\" data-widget_type=\"text-editor.default\">\n\t\t\t\t<div class=\"elementor-widget-container\">\n\t\t\t\t\t\t\t\t\t<p>Sabemos que los beneficios de la lectura a temprana edad son muchos:<\/p><p>Mejora el lenguaje, fortalece la concentraci\u00f3n, alimenta la imaginaci\u00f3n, ejercita el cerebro, amplia el vocabulario para enumerar algunas.<\/p><p>Tenemos libros adaptados para las varias etapas de desarrollo de sus hijos.<\/p>\t\t\t\t\t\t\t\t<\/div>\n\t\t\t\t<\/div>\n\t\t\t\t\t<\/div>\n\t\t<\/div>\n\t\t\t\t<div class=\"elementor-column elementor-col-33 elementor-inner-column elementor-element elementor-element-7aa066a0\" data-id=\"7aa066a0\" data-element_type=\"column\" data-settings=\"{&quot;background_background&quot;:&quot;classic&quot;}\">\n\t\t\t<div class=\"elementor-widget-wrap elementor-element-populated\">\n\t\t\t\t\t\t<div class=\"elementor-element elementor-element-2eddbf77 elementor-widget elementor-widget-image\" data-id=\"2eddbf77\" data-element_type=\"widget\" data-widget_type=\"image.default\">\n\t\t\t\t<div class=\"elementor-widget-container\">\n\t\t\t\t\t\t\t\t\t\t\t\t\t\t\t<img decoding=\"async\" width=\"1995\" height=\"1323\" src=\"https:\/\/coloreandoelmundo.com\/wp-content\/uploads\/2023\/03\/Productos_JuguetesPapel01.jpg\" class=\"elementor-animation-float attachment-full size-full wp-image-656\" alt=\"\" srcset=\"https:\/\/coloreandoelmundo.com\/wp-content\/uploads\/2023\/03\/Productos_JuguetesPapel01.jpg 1995w, https:\/\/coloreandoelmundo.com\/wp-content\/uploads\/2023\/03\/Productos_JuguetesPapel01-300x199.jpg 300w, https:\/\/coloreandoelmundo.com\/wp-content\/uploads\/2023\/03\/Productos_JuguetesPapel01-1024x679.jpg 1024w, https:\/\/coloreandoelmundo.com\/wp-content\/uploads\/2023\/03\/Productos_JuguetesPapel01-768x509.jpg 768w, https:\/\/coloreandoelmundo.com\/wp-content\/uploads\/2023\/03\/Productos_JuguetesPapel01-1536x1019.jpg 1536w, https:\/\/coloreandoelmundo.com\/wp-content\/uploads\/2023\/03\/Productos_JuguetesPapel01-18x12.jpg 18w\" sizes=\"(max-width: 1995px) 100vw, 1995px\" \/>\t\t\t\t\t\t\t\t\t\t\t\t\t\t\t<\/div>\n\t\t\t\t<\/div>\n\t\t\t\t<div class=\"elementor-element elementor-element-6e404b83 elementor-widget elementor-widget-heading\" data-id=\"6e404b83\" data-element_type=\"widget\" data-widget_type=\"heading.default\">\n\t\t\t\t<div class=\"elementor-widget-container\">\n\t\t\t\t\t<h2 class=\"elementor-heading-title elementor-size-default\">JUGUETES DE PAPEL <\/h2>\t\t\t\t<\/div>\n\t\t\t\t<\/div>\n\t\t\t\t<div class=\"elementor-element elementor-element-f613b46 elementor-widget elementor-widget-text-editor\" data-id=\"f613b46\" data-element_type=\"widget\" data-widget_type=\"text-editor.default\">\n\t\t\t\t<div class=\"elementor-widget-container\">\n\t\t\t\t\t\t\t\t\t<p>Nuestros kits de juguetes de papel para cortar y ensamblar les dar\u00e1n horas de diversi\u00f3n a sus ni\u00f1os o en familia. Ayudar\u00e1n a sus hijos a tener m\u00e1s destreza manual.<\/p><p>Adem\u00e1s, refuerzan la paciencia y la constancia, facilitan la concentraci\u00f3n, fomentan el aprendizaje geom\u00e9trico y aumentan la expresi\u00f3n art\u00edstica.<\/p>\t\t\t\t\t\t\t\t<\/div>\n\t\t\t\t<\/div>\n\t\t\t\t\t<\/div>\n\t\t<\/div>\n\t\t\t\t<div class=\"elementor-column elementor-col-33 elementor-inner-column elementor-element elementor-element-5ec0d5d1\" data-id=\"5ec0d5d1\" data-element_type=\"column\" data-settings=\"{&quot;background_background&quot;:&quot;classic&quot;}\">\n\t\t\t<div class=\"elementor-widget-wrap elementor-element-populated\">\n\t\t\t\t\t\t<div class=\"elementor-element elementor-element-3c8983d0 elementor-widget elementor-widget-image\" data-id=\"3c8983d0\" data-element_type=\"widget\" data-widget_type=\"image.default\">\n\t\t\t\t<div class=\"elementor-widget-container\">\n\t\t\t\t\t\t\t\t\t\t\t\t\t\t\t<img decoding=\"async\" width=\"1995\" height=\"1323\" src=\"https:\/\/coloreandoelmundo.com\/wp-content\/uploads\/2023\/03\/Productos_Calendarios01.jpg\" class=\"elementor-animation-float attachment-full size-full wp-image-655\" alt=\"\" srcset=\"https:\/\/coloreandoelmundo.com\/wp-content\/uploads\/2023\/03\/Productos_Calendarios01.jpg 1995w, https:\/\/coloreandoelmundo.com\/wp-content\/uploads\/2023\/03\/Productos_Calendarios01-300x199.jpg 300w, https:\/\/coloreandoelmundo.com\/wp-content\/uploads\/2023\/03\/Productos_Calendarios01-1024x679.jpg 1024w, https:\/\/coloreandoelmundo.com\/wp-content\/uploads\/2023\/03\/Productos_Calendarios01-768x509.jpg 768w, https:\/\/coloreandoelmundo.com\/wp-content\/uploads\/2023\/03\/Productos_Calendarios01-1536x1019.jpg 1536w, https:\/\/coloreandoelmundo.com\/wp-content\/uploads\/2023\/03\/Productos_Calendarios01-18x12.jpg 18w\" sizes=\"(max-width: 1995px) 100vw, 1995px\" \/>\t\t\t\t\t\t\t\t\t\t\t\t\t\t\t<\/div>\n\t\t\t\t<\/div>\n\t\t\t\t<div class=\"elementor-element elementor-element-914e454 elementor-widget elementor-widget-heading\" data-id=\"914e454\" data-element_type=\"widget\" data-widget_type=\"heading.default\">\n\t\t\t\t<div class=\"elementor-widget-container\">\n\t\t\t\t\t<h2 class=\"elementor-heading-title elementor-size-default\">CALENDARIOS Y AGENDAS <\/h2>\t\t\t\t<\/div>\n\t\t\t\t<\/div>\n\t\t\t\t<div class=\"elementor-element elementor-element-f5735c1 elementor-widget elementor-widget-text-editor\" data-id=\"f5735c1\" data-element_type=\"widget\" data-widget_type=\"text-editor.default\">\n\t\t\t\t<div class=\"elementor-widget-container\">\n\t\t\t\t\t\t\t\t\t<p>Nuestros Calendarios perpetuos, <em><strong>Perlas de Sabidur\u00eda<\/strong><\/em> y Agendas <em><strong>Tesoros de Sabidur\u00eda<\/strong><\/em> contienen pensamientos motivadores por cada d\u00eda del a\u00f1o. Tienen ideas y consejos pr\u00e1cticos que invitan a la reflexi\u00f3n y frases que llegan al coraz\u00f3n. Son regalos ideales para familiares y compa\u00f1eros.<\/p><p>\u00a1Reg\u00e1lense motivaci\u00f3n u ofr\u00e9ndela a su alrededor\u00a1<\/p>\t\t\t\t\t\t\t\t<\/div>\n\t\t\t\t<\/div>\n\t\t\t\t\t<\/div>\n\t\t<\/div>\n\t\t\t\t\t<\/div>\n\t\t<\/section>\n\t\t\t\t\t<\/div>\n\t\t<\/div>\n\t\t\t\t\t<\/div>\n\t\t<\/section>\n\t\t\t\t<section class=\"elementor-section elementor-top-section elementor-element elementor-element-c6dc4f9 elementor-section-boxed elementor-section-height-default elementor-section-height-default\" data-id=\"c6dc4f9\" data-element_type=\"section\">\n\t\t\t\t\t\t<div class=\"elementor-container elementor-column-gap-default\">\n\t\t\t\t\t<div class=\"elementor-column elementor-col-100 elementor-top-column elementor-element elementor-element-a748ac0\" data-id=\"a748ac0\" data-element_type=\"column\">\n\t\t\t<div class=\"elementor-widget-wrap elementor-element-populated\">\n\t\t\t\t\t\t<div class=\"elementor-element elementor-element-8c6f6a1 elementor-align-center elementor-widget__width-inherit elementor-widget elementor-widget-button\" data-id=\"8c6f6a1\" data-element_type=\"widget\" data-widget_type=\"button.default\">\n\t\t\t\t<div class=\"elementor-widget-container\">\n\t\t\t\t\t\t\t\t\t<div class=\"elementor-button-wrapper\">\n\t\t\t\t\t<a class=\"elementor-button elementor-button-link elementor-size-xl\" href=\"https:\/\/coloreandoelmundo.com\/en\/contacto\/\">\n\t\t\t\t\t\t<span class=\"elementor-button-content-wrapper\">\n\t\t\t\t\t\t\t\t\t<span class=\"elementor-button-text\">Nos pueden encontrar en algunos expos o ll\u00e1manos para conocer estos productos. <\/span>\n\t\t\t\t\t<\/span>\n\t\t\t\t\t<\/a>\n\t\t\t\t<\/div>\n\t\t\t\t\t\t\t\t<\/div>\n\t\t\t\t<\/div>\n\t\t\t\t\t<\/div>\n\t\t<\/div>\n\t\t\t\t\t<\/div>\n\t\t<\/section>\n\t\t\t\t<section class=\"elementor-section elementor-top-section elementor-element elementor-element-3d4fd62 elementor-section-boxed elementor-section-height-default elementor-section-height-default\" data-id=\"3d4fd62\" data-element_type=\"section\" data-settings=\"{&quot;background_background&quot;:&quot;classic&quot;}\">\n\t\t\t\t\t\t<div class=\"elementor-container elementor-column-gap-no\">\n\t\t\t\t\t<div class=\"elementor-column elementor-col-100 elementor-top-column elementor-element elementor-element-757f1e5\" data-id=\"757f1e5\" data-element_type=\"column\">\n\t\t\t<div class=\"elementor-widget-wrap elementor-element-populated\">\n\t\t\t\t\t\t<div class=\"elementor-element elementor-element-a1cefee elementor-widget elementor-widget-image\" data-id=\"a1cefee\" data-element_type=\"widget\" data-widget_type=\"image.default\">\n\t\t\t\t<div class=\"elementor-widget-container\">\n\t\t\t\t\t\t\t\t\t\t\t\t\t\t\t<img loading=\"lazy\" decoding=\"async\" width=\"800\" height=\"530\" src=\"https:\/\/coloreandoelmundo.com\/wp-content\/uploads\/2023\/03\/ExpoStand01-1024x679.jpg\" class=\"attachment-large size-large wp-image-657\" alt=\"\" srcset=\"https:\/\/coloreandoelmundo.com\/wp-content\/uploads\/2023\/03\/ExpoStand01-1024x679.jpg 1024w, https:\/\/coloreandoelmundo.com\/wp-content\/uploads\/2023\/03\/ExpoStand01-300x199.jpg 300w, https:\/\/coloreandoelmundo.com\/wp-content\/uploads\/2023\/03\/ExpoStand01-768x509.jpg 768w, https:\/\/coloreandoelmundo.com\/wp-content\/uploads\/2023\/03\/ExpoStand01-1536x1019.jpg 1536w, https:\/\/coloreandoelmundo.com\/wp-content\/uploads\/2023\/03\/ExpoStand01-18x12.jpg 18w, https:\/\/coloreandoelmundo.com\/wp-content\/uploads\/2023\/03\/ExpoStand01.jpg 1995w\" sizes=\"(max-width: 800px) 100vw, 800px\" \/>\t\t\t\t\t\t\t\t\t\t\t\t\t\t\t<\/div>\n\t\t\t\t<\/div>\n\t\t\t\t<section class=\"elementor-section elementor-inner-section elementor-element elementor-element-0626549 elementor-section-content-middle elementor-section-boxed elementor-section-height-default elementor-section-height-default\" data-id=\"0626549\" data-element_type=\"section\">\n\t\t\t\t\t\t<div class=\"elementor-container elementor-column-gap-no\">\n\t\t\t\t\t<div class=\"elementor-column elementor-col-100 elementor-inner-column elementor-element elementor-element-6dc6e63\" data-id=\"6dc6e63\" data-element_type=\"column\">\n\t\t\t<div class=\"elementor-widget-wrap\">\n\t\t\t\t\t\t\t<\/div>\n\t\t<\/div>\n\t\t\t\t\t<\/div>\n\t\t<\/section>\n\t\t\t\t\t<\/div>\n\t\t<\/div>\n\t\t\t\t\t<\/div>\n\t\t<\/section>\n\t\t\t\t<\/div>","protected":false},"excerpt":{"rendered":"<p>\u201cEnse\u00f1arles a los ni\u00f1os a contar no es tan importante como ense\u00f1arles lo que m\u00e1s cuenta.\u201d Para facilitarles la tarea tan transcendental de ser padres o educadores, nuestros productos infantiles ayudar\u00e1n a sus ni\u00f1os a construir buen car\u00e1cter, desarrollar habilidades b\u00e1sicas, cultivar buenos h\u00e1bitos sociales y espirituales y explorar el mundo en el que viven, [&hellip;]<\/p>","protected":false},"author":15,"featured_media":0,"parent":0,"menu_order":0,"comment_status":"closed","ping_status":"closed","template":"","meta":{"footnotes":""},"class_list":["post-190","page","type-page","status-publish","hentry"],"_links":{"self":[{"href":"https:\/\/coloreandoelmundo.com\/en\/wp-json\/wp\/v2\/pages\/190","targetHints":{"allow":["GET"]}}],"collection":[{"href":"https:\/\/coloreandoelmundo.com\/en\/wp-json\/wp\/v2\/pages"}],"about":[{"href":"https:\/\/coloreandoelmundo.com\/en\/wp-json\/wp\/v2\/types\/page"}],"author":[{"embeddable":true,"href":"https:\/\/coloreandoelmundo.com\/en\/wp-json\/wp\/v2\/users\/15"}],"replies":[{"embeddable":true,"href":"https:\/\/coloreandoelmundo.com\/en\/wp-json\/wp\/v2\/comments?post=190"}],"version-history":[{"count":25,"href":"https:\/\/coloreandoelmundo.com\/en\/wp-json\/wp\/v2\/pages\/190\/revisions"}],"predecessor-version":[{"id":741,"href":"https:\/\/coloreandoelmundo.com\/en\/wp-json\/wp\/v2\/pages\/190\/revisions\/741"}],"wp:attachment":[{"href":"https:\/\/coloreandoelmundo.com\/en\/wp-json\/wp\/v2\/media?parent=190"}],"curies":[{"name":"wp","href":"https:\/\/api.w.org\/{rel}","templated":true}]}}